{"id":270,"date":"2020-12-10T15:08:36","date_gmt":"2020-12-10T14:08:36","guid":{"rendered":"http:\/\/petit-train-grimaud.fr\/?page_id=270"},"modified":"2023-02-13T11:12:20","modified_gmt":"2023-02-13T10:12:20","slug":"mentions-legales","status":"publish","type":"page","link":"https:\/\/petit-train-grimaud.fr\/index.php\/mentions-legales\/","title":{"rendered":"mentions l\u00e9gales"},"content":{"rendered":"\t\t<div data-elementor-type=\"wp-page\" data-elementor-id=\"270\" class=\"elementor elementor-270\" data-elementor-post-type=\"page\">\n\t\t\t\t\t\t<section class=\"elementor-section elementor-top-section elementor-element elementor-element-ce349cb elementor-section-full_width elementor-section-height-default elementor-section-height-default\" data-id=\"ce349cb\" data-element_type=\"section\" data-settings=\"{&quot;background_background&quot;:&quot;classic&quot;}\">\n\t\t\t\t\t\t<div class=\"elementor-container elementor-column-gap-default\">\n\t\t\t\t\t<div class=\"elementor-column elementor-col-100 elementor-top-column elementor-element elementor-element-37b6c36\" data-id=\"37b6c36\" data-element_type=\"column\">\n\t\t\t<div class=\"elementor-widget-wrap elementor-element-populated\">\n\t\t\t\t\t\t<div class=\"elementor-element elementor-element-c84d809 elementor-widget elementor-widget-spacer\" data-id=\"c84d809\" data-element_type=\"widget\" data-widget_type=\"spacer.default\">\n\t\t\t\t<div class=\"elementor-widget-container\">\n\t\t\t\t\t<div class=\"elementor-spacer\">\n\t\t\t<div class=\"elementor-spacer-inner\"><\/div>\n\t\t<\/div>\n\t\t\t\t<\/div>\n\t\t\t\t<\/div>\n\t\t\t\t<section class=\"elementor-section elementor-inner-section elementor-element elementor-element-d92262b elementor-section-boxed elementor-section-height-default elementor-section-height-default\" data-id=\"d92262b\" data-element_type=\"section\">\n\t\t\t\t\t\t<div class=\"elementor-container elementor-column-gap-default\">\n\t\t\t\t\t<div class=\"elementor-column elementor-col-50 elementor-inner-column elementor-element elementor-element-df428db\" data-id=\"df428db\" data-element_type=\"column\">\n\t\t\t<div class=\"elementor-widget-wrap elementor-element-populated\">\n\t\t\t\t\t\t<div class=\"elementor-element elementor-element-6664c60 elementor-widget elementor-widget-heading\" data-id=\"6664c60\" data-element_type=\"widget\" data-widget_type=\"heading.default\">\n\t\t\t\t<div class=\"elementor-widget-container\">\n\t\t\t<h2 class=\"elementor-heading-title elementor-size-default\">Mentions l\u00e9gales<\/h2>\t\t<\/div>\n\t\t\t\t<\/div>\n\t\t\t\t\t<\/div>\n\t\t<\/div>\n\t\t\t\t<div class=\"elementor-column elementor-col-50 elementor-inner-column elementor-element elementor-element-6598a32\" data-id=\"6598a32\" data-element_type=\"column\">\n\t\t\t<div class=\"elementor-widget-wrap elementor-element-populated\">\n\t\t\t\t\t\t<div class=\"elementor-element elementor-element-725e3b4 elementor-align-right elementor-mobile-align-center elementor-widget elementor-widget-button\" data-id=\"725e3b4\" data-element_type=\"widget\" data-widget_type=\"button.default\">\n\t\t\t\t<div class=\"elementor-widget-container\">\n\t\t\t\t\t<div class=\"elementor-button-wrapper\">\n\t\t\t<a class=\"elementor-button elementor-button-link elementor-size-lg\" href=\"http:\/\/petit-train-grimaud.fr\/\">\n\t\t\t\t\t\t<span class=\"elementor-button-content-wrapper\">\n\t\t\t\t\t\t\t\t\t<span class=\"elementor-button-text\">Retourner sur le site<\/span>\n\t\t\t\t\t<\/span>\n\t\t\t\t\t<\/a>\n\t\t<\/div>\n\t\t\t\t<\/div>\n\t\t\t\t<\/div>\n\t\t\t\t\t<\/div>\n\t\t<\/div>\n\t\t\t\t\t<\/div>\n\t\t<\/section>\n\t\t\t\t<div class=\"elementor-element elementor-element-7aff1aa elementor-widget elementor-widget-spacer\" data-id=\"7aff1aa\" data-element_type=\"widget\" data-widget_type=\"spacer.default\">\n\t\t\t\t<div class=\"elementor-widget-container\">\n\t\t\t\t\t<div class=\"elementor-spacer\">\n\t\t\t<div class=\"elementor-spacer-inner\"><\/div>\n\t\t<\/div>\n\t\t\t\t<\/div>\n\t\t\t\t<\/div>\n\t\t\t\t\t<\/div>\n\t\t<\/div>\n\t\t\t\t\t<\/div>\n\t\t<\/section>\n\t\t\t\t<section class=\"elementor-section elementor-top-section elementor-element elementor-element-e1a854f elementor-section-boxed elementor-section-height-default elementor-section-height-default\" data-id=\"e1a854f\" data-element_type=\"section\">\n\t\t\t\t\t\t<div class=\"elementor-container elementor-column-gap-default\">\n\t\t\t\t\t<div class=\"elementor-column elementor-col-100 elementor-top-column elementor-element elementor-element-d1c0cb0\" data-id=\"d1c0cb0\" data-element_type=\"column\">\n\t\t\t<div class=\"elementor-widget-wrap elementor-element-populated\">\n\t\t\t\t\t\t<div class=\"elementor-element elementor-element-e8574d0 elementor-widget elementor-widget-spacer\" data-id=\"e8574d0\" data-element_type=\"widget\" data-widget_type=\"spacer.default\">\n\t\t\t\t<div class=\"elementor-widget-container\">\n\t\t\t\t\t<div class=\"elementor-spacer\">\n\t\t\t<div class=\"elementor-spacer-inner\"><\/div>\n\t\t<\/div>\n\t\t\t\t<\/div>\n\t\t\t\t<\/div>\n\t\t\t\t<div class=\"elementor-element elementor-element-7abcf91 elementor-widget elementor-widget-heading\" data-id=\"7abcf91\" data-element_type=\"widget\" data-widget_type=\"heading.default\">\n\t\t\t\t<div class=\"elementor-widget-container\">\n\t\t\t<h2 class=\"elementor-heading-title elementor-size-default\">Identification<\/h2>\t\t<\/div>\n\t\t\t\t<\/div>\n\t\t\t\t<div class=\"elementor-element elementor-element-aef7532 elementor-widget elementor-widget-text-editor\" data-id=\"aef7532\" data-element_type=\"widget\" data-widget_type=\"text-editor.default\">\n\t\t\t\t<div class=\"elementor-widget-container\">\n\t\t\t\t\t\t\t<p>Le Petit Train de Grimaud <\/p>\n<p>Les Petits Trains du Golfe <\/p>\n<p>703 Route Nationale<\/p>\n<p>83310 Grimaud &#8211; France<\/p>\n<p>04 94 43 90 22<\/p>\n<p><a href=\"mailto:contact@les-petits-trains.com\">contact@les-petits-trains.com<\/a><\/p>\n<p>SARL au capital de 20 000\u20ac<\/p>\n<p>831 094 222 000 13<\/p>\n<p>FR13831094222<\/p>\n<p>Directeur de la publication : Rapha\u00ebl GAUDET-TRAFIT<\/p>\n<p>Hebergeur : OVH<\/p>\n<p>SAS au capital de 10 069 020 \u20ac<\/p>\n<p>2 rue Kellerman<\/p>\n<p>59100 Roubaix &#8211; France<\/p>\t\t\t\t\t\t<\/div>\n\t\t\t\t<\/div>\n\t\t\t\t<div class=\"elementor-element elementor-element-80e9756 elementor-widget elementor-widget-heading\" data-id=\"80e9756\" data-element_type=\"widget\" data-widget_type=\"heading.default\">\n\t\t\t\t<div class=\"elementor-widget-container\">\n\t\t\t<h2 class=\"elementor-heading-title elementor-size-default\">Droit de propri\u00e9t\u00e9 intellectuelle<\/h2>\t\t<\/div>\n\t\t\t\t<\/div>\n\t\t\t\t<div class=\"elementor-element elementor-element-281defd elementor-widget elementor-widget-text-editor\" data-id=\"281defd\" data-element_type=\"widget\" data-widget_type=\"text-editor.default\">\n\t\t\t\t<div class=\"elementor-widget-container\">\n\t\t\t\t\t\t\t<p>Ce site internet est une cr\u00e9ation intellectuelle originale qui est prot\u00e9g\u00e9e par le droit d\u2019auteur. Son contenu est la propri\u00e9t\u00e9 intellectuelle et\/ou industrielle de la soci\u00e9t\u00e9 Les Petits Trains du Golfe. Toute personne qui portera atteinte aux droits de propri\u00e9t\u00e9 attach\u00e9s aux diff\u00e9rents objets de ce site internet se rend coupable du d\u00e9lit de contrefa\u00e7on et est passible des sanctions p\u00e9nales pr\u00e9vues par la loi.\u00a0<\/p>\t\t\t\t\t\t<\/div>\n\t\t\t\t<\/div>\n\t\t\t\t<div class=\"elementor-element elementor-element-eec2654 elementor-widget elementor-widget-heading\" data-id=\"eec2654\" data-element_type=\"widget\" data-widget_type=\"heading.default\">\n\t\t\t\t<div class=\"elementor-widget-container\">\n\t\t\t<h2 class=\"elementor-heading-title elementor-size-default\">Mentions relatives \u00e0 l'utilisation des cookies<\/h2>\t\t<\/div>\n\t\t\t\t<\/div>\n\t\t\t\t<div class=\"elementor-element elementor-element-ba17018 elementor-widget elementor-widget-text-editor\" data-id=\"ba17018\" data-element_type=\"widget\" data-widget_type=\"text-editor.default\">\n\t\t\t\t<div class=\"elementor-widget-container\">\n\t\t\t\t\t\t\t<p>Un cookie est un petit fichier informatique, un traceur. Il permet d\u2019analyser le comportement des usagers lors de la visite d\u2019un site internet, de la lecture d\u2019un courrier \u00e9lectronique, de l\u2019installation ou de l\u2019utilisation d\u2019un logiciel ou d\u2019une application mobile.\u00a0<\/p><p>A titre personnel, la soci\u00e9t\u00e9 Les Petits Trains du Golfe n\u2019utilise pas de cookie et ne pr\u00e9l\u00e8ve\/stocke aucune donn\u00e9e personnelle. Cependant, nous partageons nos r\u00e9seaux sociaux sur notre site internet et lesdits r\u00e9seaux sociaux utilisent des cookies. Pour vous opposer \u00e0 l\u2019utilisation des cookies, un bandeau de r\u00e9glages appara\u00eet sur la page d\u2019accueil de notre site www.petit-train-grimaud.fr et il vous suffit de cliquer sur la mention \u00ab\u00a0je refuse\u00a0\u00bb. La dur\u00e9e de validit\u00e9 du consentement donn\u00e9 dans ce cadre, par la loi est de treize mois maximum. Sur notre site la dur\u00e9e de validit\u00e9 de votre r\u00e9ponse est d\u2019un mois, en cas d\u2019acceptation comme de refus.<\/p>\t\t\t\t\t\t<\/div>\n\t\t\t\t<\/div>\n\t\t\t\t<div class=\"elementor-element elementor-element-1702bcb elementor-widget elementor-widget-heading\" data-id=\"1702bcb\" data-element_type=\"widget\" data-widget_type=\"heading.default\">\n\t\t\t\t<div class=\"elementor-widget-container\">\n\t\t\t<h2 class=\"elementor-heading-title elementor-size-default\">Mentions relatives \u00e0 l'utilisation des donn\u00e9es personnelles<\/h2>\t\t<\/div>\n\t\t\t\t<\/div>\n\t\t\t\t<div class=\"elementor-element elementor-element-9a22efa elementor-widget elementor-widget-text-editor\" data-id=\"9a22efa\" data-element_type=\"widget\" data-widget_type=\"text-editor.default\">\n\t\t\t\t<div class=\"elementor-widget-container\">\n\t\t\t\t\t\t\t<p>Nous rappelons que la soci\u00e9t\u00e9 Les \u00a0Petits Trains du Golfe n\u2019utilise pas de cookies et ne pr\u00e9l\u00e8ve\/stocke aucune donn\u00e9e personnelle.\u00a0<\/p><p>Les informations relatives au formulaire de contact :\u00a0<\/p><p>\u2013 Elles ne sont pas conserv\u00e9es dans un quelconque fichier et n\u2019ont en aucun cas de vis\u00e9e commerciale. Ces informations ne servent qu\u2019\u00e0 recontacter les clients pour faire suite \u00e0 une demande de renseignements.\u00a0<\/p><p>\u2013 Le caract\u00e8re obligatoire des r\u00e9ponses a pour unique but une r\u00e9ponse plus pertinente et plus rapide de notre part \u00e0 votre demande.\u00a0<\/p><p>\u2013 Ces informations sont trait\u00e9es en interne, dans notre entreprise, par notre charg\u00e9e de communication ou les g\u00e9rants de la soci\u00e9t\u00e9.\u00a0<\/p><p>\u2013 Comme explicit\u00e9 plus haut, nous ne collectons pas vos donn\u00e9es dans un fichier client mais au besoin vous pouvez faire valoir votre droit d\u2019opposition, d\u2019acc\u00e8s ou de rectification conform\u00e9ment \u00e0 la loi n\u00b078-17 du 6 janvier 1978 relative \u00e0 l\u2019informatique, aux fichiers et aux libert\u00e9s, r\u00e9vis\u00e9e le 1er juin 2019. Pour ce faire ou si vous souhaitez plus de renseignements, merci de nous contacter par t\u00e9l\u00e9phone, mail ou courrier.\u00a0<\/p><p>\u2013 En cas de litige, vous avez bien s\u00fbr le droit d\u2019introduire une r\u00e9clamation aupr\u00e8s de la CNIL.<\/p>\t\t\t\t\t\t<\/div>\n\t\t\t\t<\/div>\n\t\t\t\t<div class=\"elementor-element elementor-element-3b11b14 elementor-widget elementor-widget-spacer\" data-id=\"3b11b14\" data-element_type=\"widget\" data-widget_type=\"spacer.default\">\n\t\t\t\t<div class=\"elementor-widget-container\">\n\t\t\t\t\t<div class=\"elementor-spacer\">\n\t\t\t<div class=\"elementor-spacer-inner\"><\/div>\n\t\t<\/div>\n\t\t\t\t<\/div>\n\t\t\t\t<\/div>\n\t\t\t\t\t<\/div>\n\t\t<\/div>\n\t\t\t\t\t<\/div>\n\t\t<\/section>\n\t\t\t\t<section class=\"elementor-section elementor-top-section elementor-element elementor-element-66b225d elementor-section-full_width elementor-section-height-default elementor-section-height-default\" data-id=\"66b225d\" data-element_type=\"section\">\n\t\t\t\t\t\t<div class=\"elementor-container elementor-column-gap-default\">\n\t\t\t\t\t<div class=\"elementor-column elementor-col-33 elementor-top-column elementor-element elementor-element-090c695\" data-id=\"090c695\" data-element_type=\"column\">\n\t\t\t<div class=\"elementor-widget-wrap elementor-element-populated\">\n\t\t\t\t\t\t<div class=\"elementor-element elementor-element-66f468a elementor-widget elementor-widget-text-editor\" data-id=\"66f468a\" data-element_type=\"widget\" data-widget_type=\"text-editor.default\">\n\t\t\t\t<div class=\"elementor-widget-container\">\n\t\t\t\t\t\t\tLes Petits Trains du Golfe <br>\n\nLes Vitrines du Soleil &#8211; RD 559\n\n83310 Grimaud <br>\n\n04 94 43 90 22 &#8211; 06 62 07 65 09<br>\n\ncontact@lespetitstrainsdugolfe.com<br>\n\nNos locaux sont ouverts du lundi au vendredi de 09h00 \u00e0 12h00 <br>et de 14h00 \u00e0 17h00\t\t\t\t\t\t<\/div>\n\t\t\t\t<\/div>\n\t\t\t\t\t<\/div>\n\t\t<\/div>\n\t\t\t\t<div class=\"elementor-column elementor-col-33 elementor-top-column elementor-element elementor-element-f45791f\" data-id=\"f45791f\" data-element_type=\"column\">\n\t\t\t<div class=\"elementor-widget-wrap elementor-element-populated\">\n\t\t\t\t\t\t<div class=\"elementor-element elementor-element-758437c elementor-widget elementor-widget-image\" data-id=\"758437c\" data-element_type=\"widget\" data-widget_type=\"image.default\">\n\t\t\t\t<div class=\"elementor-widget-container\">\n\t\t\t\t\t\t\t\t\t\t\t\t\t<img fetchpriority=\"high\" decoding=\"async\" width=\"708\" height=\"556\" src=\"https:\/\/petit-train-grimaud.fr\/wp-content\/uploads\/2020\/09\/LOGO-V6_SCRIPT.jpg\" class=\"attachment-large size-large wp-image-10\" alt=\"LOGO Les Petits Trains du Golfe\" srcset=\"https:\/\/petit-train-grimaud.fr\/wp-content\/uploads\/2020\/09\/LOGO-V6_SCRIPT.jpg 708w, https:\/\/petit-train-grimaud.fr\/wp-content\/uploads\/2020\/09\/LOGO-V6_SCRIPT-300x236.jpg 300w\" sizes=\"(max-width: 708px) 100vw, 708px\" \/>\t\t\t\t\t\t\t\t\t\t\t\t\t<\/div>\n\t\t\t\t<\/div>\n\t\t\t\t<div class=\"elementor-element elementor-element-5977151 elementor-widget elementor-widget-text-editor\" data-id=\"5977151\" data-element_type=\"widget\" data-widget_type=\"text-editor.default\">\n\t\t\t\t<div class=\"elementor-widget-container\">\n\t\t\t\t\t\t\t<p>www.petit-train-grimaud.fr<\/p>\t\t\t\t\t\t<\/div>\n\t\t\t\t<\/div>\n\t\t\t\t\t<\/div>\n\t\t<\/div>\n\t\t\t\t<div class=\"elementor-column elementor-col-33 elementor-top-column elementor-element elementor-element-c880308\" data-id=\"c880308\" data-element_type=\"column\">\n\t\t\t<div class=\"elementor-widget-wrap elementor-element-populated\">\n\t\t\t\t\t\t<div class=\"elementor-element elementor-element-09dc54d e-grid-align-right e-grid-align-mobile-center elementor-shape-rounded elementor-grid-0 elementor-widget elementor-widget-social-icons\" data-id=\"09dc54d\" data-element_type=\"widget\" data-widget_type=\"social-icons.default\">\n\t\t\t\t<div class=\"elementor-widget-container\">\n\t\t\t\t\t<div class=\"elementor-social-icons-wrapper elementor-grid\">\n\t\t\t\t\t\t\t<span class=\"elementor-grid-item\">\n\t\t\t\t\t<a class=\"elementor-icon elementor-social-icon elementor-social-icon-facebook elementor-repeater-item-b79f2fb\" href=\"https:\/\/www.facebook.com\/lepetittraindegrimaud\" target=\"_blank\">\n\t\t\t\t\t\t<span class=\"elementor-screen-only\">Facebook<\/span>\n\t\t\t\t\t\t<i class=\"fab fa-facebook\"><\/i>\t\t\t\t\t<\/a>\n\t\t\t\t<\/span>\n\t\t\t\t\t\t\t<span class=\"elementor-grid-item\">\n\t\t\t\t\t<a class=\"elementor-icon elementor-social-icon elementor-social-icon-instagram elementor-repeater-item-0be1f29\" href=\"https:\/\/www.instagram.com\/lespetitstrainsdugolfe\/\" target=\"_blank\">\n\t\t\t\t\t\t<span class=\"elementor-screen-only\">Instagram<\/span>\n\t\t\t\t\t\t<i class=\"fab fa-instagram\"><\/i>\t\t\t\t\t<\/a>\n\t\t\t\t<\/span>\n\t\t\t\t\t<\/div>\n\t\t\t\t<\/div>\n\t\t\t\t<\/div>\n\t\t\t\t<div class=\"elementor-element elementor-element-7d036d8 elementor-widget elementor-widget-text-editor\" data-id=\"7d036d8\" data-element_type=\"widget\" data-widget_type=\"text-editor.default\">\n\t\t\t\t<div class=\"elementor-widget-container\">\n\t\t\t\t\t\t\t<p>\u00a9Les Petits Trains du Golfe<\/p><p>Tous droits r\u00e9serv\u00e9s<\/p>\t\t\t\t\t\t<\/div>\n\t\t\t\t<\/div>\n\t\t\t\t\t<\/div>\n\t\t<\/div>\n\t\t\t\t\t<\/div>\n\t\t<\/section>\n\t\t\t\t<\/div>\n\t\t","protected":false},"excerpt":{"rendered":"<p>Mentions l\u00e9gales Retourner sur le site Identification Le Petit Train de Grimaud Les Petits Trains du Golfe 703 Route Nationale 83310 Grimaud &#8211; France 04 94 43 90 22 contact@les-petits-trains.com SARL au capital de 20 000\u20ac 831 094 222 000 13 FR13831094222 Directeur de la publication : Rapha\u00ebl GAUDET-TRAFIT Hebergeur : OVH SAS au capital [&hellip;]<\/p>\n","protected":false},"author":1,"featured_media":0,"parent":0,"menu_order":0,"comment_status":"closed","ping_status":"closed","template":"elementor_header_footer","meta":{"footnotes":""},"_links":{"self":[{"href":"https:\/\/petit-train-grimaud.fr\/index.php\/wp-json\/wp\/v2\/pages\/270"}],"collection":[{"href":"https:\/\/petit-train-grimaud.fr\/index.php\/wp-json\/wp\/v2\/pages"}],"about":[{"href":"https:\/\/petit-train-grimaud.fr\/index.php\/wp-json\/wp\/v2\/types\/page"}],"author":[{"embeddable":true,"href":"https:\/\/petit-train-grimaud.fr\/index.php\/wp-json\/wp\/v2\/users\/1"}],"replies":[{"embeddable":true,"href":"https:\/\/petit-train-grimaud.fr\/index.php\/wp-json\/wp\/v2\/comments?post=270"}],"version-history":[{"count":46,"href":"https:\/\/petit-train-grimaud.fr\/index.php\/wp-json\/wp\/v2\/pages\/270\/revisions"}],"predecessor-version":[{"id":612,"href":"https:\/\/petit-train-grimaud.fr\/index.php\/wp-json\/wp\/v2\/pages\/270\/revisions\/612"}],"wp:attachment":[{"href":"https:\/\/petit-train-grimaud.fr\/index.php\/wp-json\/wp\/v2\/media?parent=270"}],"curies":[{"name":"wp","href":"https:\/\/api.w.org\/{rel}","templated":true}]}}